{"id":857,"date":"2024-04-25T11:55:58","date_gmt":"2024-04-25T11:55:58","guid":{"rendered":"https:\/\/re-crea3d.com\/?page_id=857"},"modified":"2024-05-02T11:46:44","modified_gmt":"2024-05-02T11:46:44","slug":"dormitorio-multifuncional","status":"publish","type":"page","link":"https:\/\/re-crea3d.com\/index.php\/proyectos\/dormitorio-multifuncional\/","title":{"rendered":"Dormitorio multifuncional"},"content":{"rendered":"\t\t<div data-elementor-type=\"wp-page\" data-elementor-id=\"857\" class=\"elementor elementor-857\" data-elementor-post-type=\"page\">\n\t\t\t\t<div class=\"elementor-element elementor-element-547c82b9 e-flex e-con-boxed e-con e-parent\" data-id=\"547c82b9\" data-element_type=\"container\" data-e-type=\"container\">\n\t\t\t\t\t<div class=\"e-con-inner\">\n\t\t\t\t<div class=\"elementor-element elementor-element-408cfecd elementor-widget elementor-widget-heading\" data-id=\"408cfecd\" data-element_type=\"widget\" data-e-type=\"widget\" data-widget_type=\"heading.default\">\n\t\t\t\t<div class=\"elementor-widget-container\">\n\t\t\t\t\t<h2 class=\"elementor-heading-title elementor-size-default\"><a href=\"https:\/\/re-crea3d.com\/index.php\/proyectos\/\"> Propuesta de distribuci\u00f3n, decoraci\u00f3n e infograf\u00edas<\/br>\n<\/a><\/h2>\t\t\t\t<\/div>\n\t\t\t\t<\/div>\n\t\t\t\t<div class=\"elementor-element elementor-element-ff827f6 elementor-widget elementor-widget-heading\" data-id=\"ff827f6\" data-element_type=\"widget\" data-e-type=\"widget\" data-widget_type=\"heading.default\">\n\t\t\t\t<div class=\"elementor-widget-container\">\n\t\t\t\t\t<h2 class=\"elementor-heading-title elementor-size-default\"><a href=\"https:\/\/re-crea3d.com\/index.php\/proyectos\/\">Proyecto: Dormitorio multifuncional                             \n\n <\/a><\/h2>\t\t\t\t<\/div>\n\t\t\t\t<\/div>\n\t\t\t\t\t<\/div>\n\t\t\t\t<\/div>\n\t\t<div class=\"elementor-element elementor-element-254aa146 e-flex e-con-boxed e-con e-parent\" data-id=\"254aa146\" data-element_type=\"container\" data-e-type=\"container\">\n\t\t\t\t\t<div class=\"e-con-inner\">\n\t\t\t\t<div class=\"elementor-element elementor-element-ff430f4 elementor-arrows-position-outside elementor-pagination-position-outside elementor-widget elementor-widget-image-carousel\" data-id=\"ff430f4\" data-element_type=\"widget\" data-e-type=\"widget\" data-settings=\"{&quot;slides_to_show&quot;:&quot;1&quot;,&quot;navigation&quot;:&quot;both&quot;,&quot;autoplay&quot;:&quot;yes&quot;,&quot;pause_on_hover&quot;:&quot;yes&quot;,&quot;pause_on_interaction&quot;:&quot;yes&quot;,&quot;autoplay_speed&quot;:5000,&quot;infinite&quot;:&quot;yes&quot;,&quot;effect&quot;:&quot;slide&quot;,&quot;speed&quot;:500}\" data-widget_type=\"image-carousel.default\">\n\t\t\t\t<div class=\"elementor-widget-container\">\n\t\t\t\t\t\t\t<div class=\"elementor-image-carousel-wrapper swiper\" role=\"region\" aria-roledescription=\"carousel\" aria-label=\"Carrusel de im\u00e1genes\" dir=\"ltr\">\n\t\t\t<div class=\"elementor-image-carousel swiper-wrapper\" aria-live=\"off\">\n\t\t\t\t\t\t\t\t<div class=\"swiper-slide\" role=\"group\" aria-roledescription=\"slide\" aria-label=\"1 de 5\"><figure class=\"swiper-slide-inner\"><img decoding=\"async\" class=\"swiper-slide-image\" src=\"https:\/\/re-crea3d.com\/wp-content\/uploads\/2024\/04\/Esceba-6-WEB.png\" alt=\"Esceba 6 WEB\" \/><\/figure><\/div><div class=\"swiper-slide\" role=\"group\" aria-roledescription=\"slide\" aria-label=\"2 de 5\"><figure class=\"swiper-slide-inner\"><img decoding=\"async\" class=\"swiper-slide-image\" src=\"https:\/\/re-crea3d.com\/wp-content\/uploads\/2024\/04\/Esceba-8-WEB.png\" alt=\"Esceba 8 WEB\" \/><\/figure><\/div><div class=\"swiper-slide\" role=\"group\" aria-roledescription=\"slide\" aria-label=\"3 de 5\"><figure class=\"swiper-slide-inner\"><img decoding=\"async\" class=\"swiper-slide-image\" src=\"https:\/\/re-crea3d.com\/wp-content\/uploads\/2024\/04\/Esceba-12-WEB.png\" alt=\"Esceba 12 WEB\" \/><\/figure><\/div><div class=\"swiper-slide\" role=\"group\" aria-roledescription=\"slide\" aria-label=\"4 de 5\"><figure class=\"swiper-slide-inner\"><img decoding=\"async\" class=\"swiper-slide-image\" src=\"https:\/\/re-crea3d.com\/wp-content\/uploads\/2024\/04\/EScena-10-web.effectsResult.png\" alt=\"EScena 10 web.effectsResult\" \/><\/figure><\/div><div class=\"swiper-slide\" role=\"group\" aria-roledescription=\"slide\" aria-label=\"5 de 5\"><figure class=\"swiper-slide-inner\"><img decoding=\"async\" class=\"swiper-slide-image\" src=\"https:\/\/re-crea3d.com\/wp-content\/uploads\/2024\/04\/Dormitorio-Multi-03-WEB.png\" alt=\"Dormitorio Multi 03 WEB\" \/><\/figure><\/div>\t\t\t<\/div>\n\t\t\t\t\t\t\t\t\t\t\t\t<div class=\"elementor-swiper-button elementor-swiper-button-prev\" role=\"button\" tabindex=\"0\">\n\t\t\t\t\t\t<svg aria-hidden=\"true\" class=\"e-font-icon-svg e-eicon-chevron-left\" viewBox=\"0 0 1000 1000\" xmlns=\"http:\/\/www.w3.org\/2000\/svg\"><path d=\"M646 125C629 125 613 133 604 142L308 442C296 454 292 471 292 487 292 504 296 521 308 533L604 854C617 867 629 875 646 875 663 875 679 871 692 858 704 846 713 829 713 812 713 796 708 779 692 767L438 487 692 225C700 217 708 204 708 187 708 171 704 154 692 142 675 129 663 125 646 125Z\"><\/path><\/svg>\t\t\t\t\t<\/div>\n\t\t\t\t\t<div class=\"elementor-swiper-button elementor-swiper-button-next\" role=\"button\" tabindex=\"0\">\n\t\t\t\t\t\t<svg aria-hidden=\"true\" class=\"e-font-icon-svg e-eicon-chevron-right\" viewBox=\"0 0 1000 1000\" xmlns=\"http:\/\/www.w3.org\/2000\/svg\"><path d=\"M696 533C708 521 713 504 713 487 713 471 708 454 696 446L400 146C388 133 375 125 354 125 338 125 325 129 313 142 300 154 292 171 292 187 292 204 296 221 308 233L563 492 304 771C292 783 288 800 288 817 288 833 296 850 308 863 321 871 338 875 354 875 371 875 388 867 400 854L696 533Z\"><\/path><\/svg>\t\t\t\t\t<\/div>\n\t\t\t\t\n\t\t\t\t\t\t\t\t\t<div class=\"swiper-pagination\"><\/div>\n\t\t\t\t\t\t\t\t\t<\/div>\n\t\t\t\t\t\t<\/div>\n\t\t\t\t<\/div>\n\t\t\t\t\t<\/div>\n\t\t\t\t<\/div>\n\t\t<div class=\"elementor-element elementor-element-251257cc e-flex e-con-boxed e-con e-parent\" data-id=\"251257cc\" data-element_type=\"container\" data-e-type=\"container\">\n\t\t\t\t\t<div class=\"e-con-inner\">\n\t\t<div class=\"elementor-element elementor-element-5f67e11d e-con-full e-flex e-con e-child\" data-id=\"5f67e11d\" data-element_type=\"container\" data-e-type=\"container\">\n\t\t\t\t<div class=\"elementor-element elementor-element-7672c6d2 elementor-widget elementor-widget-text-editor\" data-id=\"7672c6d2\" data-element_type=\"widget\" data-e-type=\"widget\" data-widget_type=\"text-editor.default\">\n\t\t\t\t<div class=\"elementor-widget-container\">\n\t\t\t\t\t\t\t\t\t<p>Un dormitorio alargado y de dimensiones generosas es este proyecto en el que se busca integrar la zona de trabajo y ocio con la zona de descanso. Para ello se propone desplazar la cama para ganar espacio en la zona de la ventana donde ir\u00e1 ubicada la mesa de trabajo y un sof\u00e1. Como elementos decorativos se proponen un panel divisorio y un cabecero de obra con mesillas encastradas.<\/p>\t\t\t\t\t\t\t\t<\/div>\n\t\t\t\t<\/div>\n\t\t\t\t<\/div>\n\t\t<div class=\"elementor-element elementor-element-80066c0 e-con-full e-flex e-con e-child\" data-id=\"80066c0\" data-element_type=\"container\" data-e-type=\"container\">\n\t\t\t\t<div class=\"elementor-element elementor-element-632eef7e elementor-widget elementor-widget-heading\" data-id=\"632eef7e\" data-element_type=\"widget\" data-e-type=\"widget\" data-widget_type=\"heading.default\">\n\t\t\t\t<div class=\"elementor-widget-container\">\n\t\t\t\t\t<h2 class=\"elementor-heading-title elementor-size-default\"><a href=\"https:\/\/re-crea3d.com\/index.php\/proyectos\/\">Material entregado:<\/br>\n<\/a><\/h2>\t\t\t\t<\/div>\n\t\t\t\t<\/div>\n\t\t\t\t<div class=\"elementor-element elementor-element-440d2f5c elementor-align-start elementor-icon-list--layout-traditional elementor-list-item-link-full_width elementor-widget elementor-widget-icon-list\" data-id=\"440d2f5c\" data-element_type=\"widget\" data-e-type=\"widget\" data-widget_type=\"icon-list.default\">\n\t\t\t\t<div class=\"elementor-widget-container\">\n\t\t\t\t\t\t\t<ul class=\"elementor-icon-list-items\">\n\t\t\t\t\t\t\t<li class=\"elementor-icon-list-item\">\n\t\t\t\t\t\t\t\t\t\t\t<span class=\"elementor-icon-list-icon\">\n\t\t\t\t\t\t\t<svg xmlns=\"http:\/\/www.w3.org\/2000\/svg\" xmlns:xlink=\"http:\/\/www.w3.org\/1999\/xlink\" id=\"Capa_1\" x=\"0px\" y=\"0px\" viewBox=\"0 0 144 156\" style=\"enable-background:new 0 0 144 156;\" xml:space=\"preserve\"><style type=\"text\/css\">\t.st0{clip-path:url(#SVGID_00000056397489367805616210000010679601798384592310_);fill:#FFFFFF;}\t.st1{clip-path:url(#SVGID_00000067218062220160760210000014378913299247658647_);}\t.st2{clip-path:url(#SVGID_00000127723940988781577540000016036913777624022198_);}\t.st3{clip-path:url(#SVGID_00000176736931456987265080000001559817078703033765_);}\t.st4{clip-path:url(#SVGID_00000021087646835689412620000005798654775975844488_);}\t.st5{clip-path:url(#SVGID_00000013891840260028740410000006900088464284665533_);fill:#BEB8AE;}\t.st6{clip-path:url(#SVGID_00000126298438013254693810000005375198991409440663_);}\t.st7{clip-path:url(#SVGID_00000152232884541289462430000009915898466220109204_);}\t.st8{clip-path:url(#SVGID_00000136381255498440146200000004969094390465207225_);}\t.st9{clip-path:url(#SVGID_00000013187714087000063640000003568942558329653154_);}\t.st10{clip-path:url(#SVGID_00000071553050156505535160000010752623774534581163_);fill:#987D65;}\t.st11{clip-path:url(#SVGID_00000023980502771183804750000011639016851102605217_);}\t.st12{clip-path:url(#SVGID_00000093145795693550816420000017830688837766471088_);}\t.st13{clip-path:url(#SVGID_00000085941193392745815670000001782927608743725755_);}\t.st14{clip-path:url(#SVGID_00000118396763426852239720000017468916606602880175_);}\t.st15{clip-path:url(#SVGID_00000122685756709700112520000008576645576669467571_);fill:#9A8A60;}\t.st16{clip-path:url(#SVGID_00000027570118378419710760000016122834851051566760_);}\t.st17{clip-path:url(#SVGID_00000125578887798077659940000016558737659803881617_);}\t.st18{clip-path:url(#SVGID_00000118387076589018825320000003059932091624159135_);}\t.st19{clip-path:url(#SVGID_00000117669153126259099520000011181122341297512618_);}\t.st20{clip-path:url(#SVGID_00000049910924371954901710000014430018431029827003_);fill:#9A9D95;}\t.st21{clip-path:url(#SVGID_00000151512188506928664930000010862559771121805703_);}\t.st22{clip-path:url(#SVGID_00000070804716552028750820000003152436761386705293_);}\t.st23{clip-path:url(#SVGID_00000088130131528114121700000015171023473115615380_);}\t.st24{clip-path:url(#SVGID_00000130627426884913947350000013045900443274048443_);}\t.st25{clip-path:url(#SVGID_00000062882514549037725260000006520403273829284512_);fill:#40352B;}\t.st26{clip-path:url(#SVGID_00000075842492278016417770000016043937923012347296_);}\t.st27{clip-path:url(#SVGID_00000098215849697158917210000004229558971417490320_);}\t.st28{clip-path:url(#SVGID_00000008120087209915454380000016172488905568284326_);}\t.st29{clip-path:url(#SVGID_00000053533291274555559370000017211291676460244096_);}\t.st30{clip-path:url(#SVGID_00000061470176471198362100000011587919941212158889_);fill:#9A8A60;}\t.st31{clip-path:url(#SVGID_00000060007846570819947820000002789690754070497215_);}\t.st32{clip-path:url(#SVGID_00000112612488771965227510000004148792071151634345_);}\t.st33{clip-path:url(#SVGID_00000139253636103483156170000000878141199693432496_);}\t.st34{clip-path:url(#SVGID_00000132081542423184375720000010888779243732896678_);}\t.st35{clip-path:url(#SVGID_00000027595130096140920860000002868079338483808446_);fill:#9A9D95;}\t.st36{clip-path:url(#SVGID_00000020365617949677855750000017659626120865938338_);}\t.st37{clip-path:url(#SVGID_00000132772495944142343890000018086762060781132683_);}\t.st38{clip-path:url(#SVGID_00000026130686567806817840000010699117817085799050_);}\t.st39{clip-path:url(#SVGID_00000029733045833462099290000011557911212853665467_);}\t.st40{clip-path:url(#SVGID_00000128480767345712213340000002238757064557952698_);fill:#BEB8AE;}\t.st41{clip-path:url(#SVGID_00000021813643479914612360000005234697538502535044_);}\t.st42{clip-path:url(#SVGID_00000158741315331808087060000004170705348972635278_);}\t.st43{clip-path:url(#SVGID_00000041978435822440631980000008344559225519459758_);}\t.st44{clip-path:url(#SVGID_00000044164186185251969390000000123492449476574095_);}\t.st45{clip-path:url(#SVGID_00000029036648910554406450000006470337518150487982_);fill:#987D65;}\t.st46{clip-path:url(#SVGID_00000176742916166919211290000013628171882450172312_);}\t.st47{clip-path:url(#SVGID_00000064327935626801061320000011704165779331190973_);}\t.st48{clip-path:url(#SVGID_00000162342313365992884590000002230265144689868702_);}\t.st49{clip-path:url(#SVGID_00000045594531292690392330000011238791217970098566_);}\t.st50{clip-path:url(#SVGID_00000141438237437423290240000006338741323846768562_);fill:#40352B;}\t.st51{clip-path:url(#SVGID_00000009588178343806176270000008773140370149561770_);fill:none;stroke:#000000;stroke-width:0.75;}\t.st52{fill:#0C0C0C;}<\/style><polygon class=\"st52\" points=\"6.77,36.03 73.85,4.76 135.39,36.03 71.08,70.33 \"><\/polygon><polygon class=\"st52\" points=\"6.77,56.2 63.77,84.45 63.77,148 6.77,117.23 \"><\/polygon><polygon class=\"st52\" points=\"135.39,56.2 78.39,84.45 78.39,148 135.39,117.23 \"><\/polygon><\/svg>\t\t\t\t\t\t<\/span>\n\t\t\t\t\t\t\t\t\t\t<span class=\"elementor-icon-list-text\">Plano de planta en 2D con y sin cotas<\/span>\n\t\t\t\t\t\t\t\t\t<\/li>\n\t\t\t\t\t\t\t\t<li class=\"elementor-icon-list-item\">\n\t\t\t\t\t\t\t\t\t\t\t<span class=\"elementor-icon-list-icon\">\n\t\t\t\t\t\t\t<svg xmlns=\"http:\/\/www.w3.org\/2000\/svg\" id=\"Capa_1\" data-name=\"Capa 1\" viewBox=\"0 0 144 156\"><defs><style>      .cls-1 {        fill: #0c0c0c;        stroke-width: 0px;      }    <\/style><\/defs><polygon class=\"cls-1\" points=\"6.77 36.03 73.85 4.76 135.39 36.03 71.08 70.33 6.77 36.03\"><\/polygon><polygon class=\"cls-1\" points=\"6.77 56.2 63.77 84.45 63.77 148 6.77 117.23 6.77 56.2\"><\/polygon><polygon class=\"cls-1\" points=\"135.39 56.2 78.39 84.45 78.39 148 135.39 117.23 135.39 56.2\"><\/polygon><\/svg>\t\t\t\t\t\t<\/span>\n\t\t\t\t\t\t\t\t\t\t<span class=\"elementor-icon-list-text\">Plano de planta en 3D<\/span>\n\t\t\t\t\t\t\t\t\t<\/li>\n\t\t\t\t\t\t\t\t<li class=\"elementor-icon-list-item\">\n\t\t\t\t\t\t\t\t\t\t\t<span class=\"elementor-icon-list-icon\">\n\t\t\t\t\t\t\t<svg xmlns=\"http:\/\/www.w3.org\/2000\/svg\" id=\"Capa_1\" data-name=\"Capa 1\" viewBox=\"0 0 144 156\"><defs><style>      .cls-1 {        fill: #0c0c0c;        stroke-width: 0px;      }    <\/style><\/defs><polygon class=\"cls-1\" points=\"6.77 36.03 73.85 4.76 135.39 36.03 71.08 70.33 6.77 36.03\"><\/polygon><polygon class=\"cls-1\" points=\"6.77 56.2 63.77 84.45 63.77 148 6.77 117.23 6.77 56.2\"><\/polygon><polygon class=\"cls-1\" points=\"135.39 56.2 78.39 84.45 78.39 148 135.39 117.23 135.39 56.2\"><\/polygon><\/svg>\t\t\t\t\t\t<\/span>\n\t\t\t\t\t\t\t\t\t\t<span class=\"elementor-icon-list-text\">Infograf\u00edas en 3D del dormitorio<\/span>\n\t\t\t\t\t\t\t\t\t<\/li>\n\t\t\t\t\t\t\t\t<li class=\"elementor-icon-list-item\">\n\t\t\t\t\t\t\t\t\t\t\t<span class=\"elementor-icon-list-icon\">\n\t\t\t\t\t\t\t<svg xmlns=\"http:\/\/www.w3.org\/2000\/svg\" id=\"Capa_1\" data-name=\"Capa 1\" viewBox=\"0 0 144 156\"><defs><style>      .cls-1 {        fill: #0c0c0c;        stroke-width: 0px;      }    <\/style><\/defs><polygon class=\"cls-1\" points=\"6.77 36.03 73.85 4.76 135.39 36.03 71.08 70.33 6.77 36.03\"><\/polygon><polygon class=\"cls-1\" points=\"6.77 56.2 63.77 84.45 63.77 148 6.77 117.23 6.77 56.2\"><\/polygon><polygon class=\"cls-1\" points=\"135.39 56.2 78.39 84.45 78.39 148 135.39 117.23 135.39 56.2\"><\/polygon><\/svg>\t\t\t\t\t\t<\/span>\n\t\t\t\t\t\t\t\t\t\t<span class=\"elementor-icon-list-text\">Moodboard con propuestas para el amueblamiento, materiales y gama crom\u00e1tica<\/span>\n\t\t\t\t\t\t\t\t\t<\/li>\n\t\t\t\t\t\t<\/ul>\n\t\t\t\t\t\t<\/div>\n\t\t\t\t<\/div>\n\t\t\t\t<\/div>\n\t\t\t\t\t<\/div>\n\t\t\t\t<\/div>\n\t\t<div class=\"elementor-element elementor-element-1578cbb3 e-flex e-con-boxed e-con e-parent\" data-id=\"1578cbb3\" data-element_type=\"container\" data-e-type=\"container\" data-settings=\"{&quot;background_background&quot;:&quot;classic&quot;}\">\n\t\t\t\t\t<div class=\"e-con-inner\">\n\t\t<div class=\"elementor-element elementor-element-649c5dc9 e-con-full e-flex e-con e-child\" data-id=\"649c5dc9\" data-element_type=\"container\" data-e-type=\"container\">\n\t\t\t\t<div class=\"elementor-element elementor-element-d2754cd elementor-widget elementor-widget-heading\" data-id=\"d2754cd\" data-element_type=\"widget\" data-e-type=\"widget\" data-widget_type=\"heading.default\">\n\t\t\t\t<div class=\"elementor-widget-container\">\n\t\t\t\t\t<h2 class=\"elementor-heading-title elementor-size-default\">Visualiza tus ideas<\/h2>\t\t\t\t<\/div>\n\t\t\t\t<\/div>\n\t\t\t\t<div class=\"elementor-element elementor-element-5ef5d696 elementor-widget elementor-widget-text-editor\" data-id=\"5ef5d696\" data-element_type=\"widget\" data-e-type=\"widget\" data-widget_type=\"text-editor.default\">\n\t\t\t\t<div class=\"elementor-widget-container\">\n\t\t\t\t\t\t\t\t\t<p class=\"p1\">Cu\u00e9ntame tus necesidades y te har\u00e9 una propuesta de distribuci\u00f3n con planos y renders con los<span class=\"Apple-converted-space\">\u00a0 <\/span>que podr\u00e1s inspirarte para una futura reforma.<\/p>\t\t\t\t\t\t\t\t<\/div>\n\t\t\t\t<\/div>\n\t\t\t\t<div class=\"elementor-element elementor-element-30fa1d15 elementor-widget elementor-widget-button\" data-id=\"30fa1d15\" data-element_type=\"widget\" data-e-type=\"widget\" data-widget_type=\"button.default\">\n\t\t\t\t<div class=\"elementor-widget-container\">\n\t\t\t\t\t\t\t\t\t<div class=\"elementor-button-wrapper\">\n\t\t\t\t\t<a class=\"elementor-button elementor-button-link elementor-size-sm\" href=\"https:\/\/re-crea3d.com\/index.php\/contacto\/\">\n\t\t\t\t\t\t<span class=\"elementor-button-content-wrapper\">\n\t\t\t\t\t\t\t\t\t<span class=\"elementor-button-text\">contacta<\/span>\n\t\t\t\t\t<\/span>\n\t\t\t\t\t<\/a>\n\t\t\t\t<\/div>\n\t\t\t\t\t\t\t\t<\/div>\n\t\t\t\t<\/div>\n\t\t\t\t<\/div>\n\t\t<div class=\"elementor-element elementor-element-6ed288f6 e-con-full e-flex e-con e-child\" data-id=\"6ed288f6\" data-element_type=\"container\" data-e-type=\"container\">\n\t\t\t\t<\/div>\n\t\t\t\t\t<\/div>\n\t\t\t\t<\/div>\n\t\t<div class=\"elementor-element elementor-element-621a0970 e-flex e-con-boxed e-con e-parent\" data-id=\"621a0970\" data-element_type=\"container\" data-e-type=\"container\">\n\t\t\t\t\t<div class=\"e-con-inner\">\n\t\t\t\t\t<\/div>\n\t\t\t\t<\/div>\n\t\t<div class=\"elementor-element elementor-element-700bef41 e-grid e-con-boxed e-con e-parent\" data-id=\"700bef41\" data-element_type=\"container\" data-e-type=\"container\">\n\t\t\t\t\t<div class=\"e-con-inner\">\n\t\t\t\t\t<\/div>\n\t\t\t\t<\/div>\n\t\t\t\t<\/div>\n\t\t","protected":false},"excerpt":{"rendered":"<p>Propuesta de distribuci\u00f3n, decoraci\u00f3n e infograf\u00edas Proyecto: Dormitorio multifuncional Un dormitorio alargado y de dimensiones generosas es este proyecto en el que se busca integrar la zona de trabajo y ocio con la zona de descanso. Para ello se propone desplazar la cama para ganar espacio en la zona de la ventana donde ir\u00e1 ubicada [&hellip;]<\/p>\n","protected":false},"author":2,"featured_media":0,"parent":13,"menu_order":0,"comment_status":"closed","ping_status":"closed","template":"","meta":{"footnotes":""},"class_list":["post-857","page","type-page","status-publish","hentry"],"_links":{"self":[{"href":"https:\/\/re-crea3d.com\/index.php\/wp-json\/wp\/v2\/pages\/857","targetHints":{"allow":["GET"]}}],"collection":[{"href":"https:\/\/re-crea3d.com\/index.php\/wp-json\/wp\/v2\/pages"}],"about":[{"href":"https:\/\/re-crea3d.com\/index.php\/wp-json\/wp\/v2\/types\/page"}],"author":[{"embeddable":true,"href":"https:\/\/re-crea3d.com\/index.php\/wp-json\/wp\/v2\/users\/2"}],"replies":[{"embeddable":true,"href":"https:\/\/re-crea3d.com\/index.php\/wp-json\/wp\/v2\/comments?post=857"}],"version-history":[{"count":31,"href":"https:\/\/re-crea3d.com\/index.php\/wp-json\/wp\/v2\/pages\/857\/revisions"}],"predecessor-version":[{"id":1187,"href":"https:\/\/re-crea3d.com\/index.php\/wp-json\/wp\/v2\/pages\/857\/revisions\/1187"}],"up":[{"embeddable":true,"href":"https:\/\/re-crea3d.com\/index.php\/wp-json\/wp\/v2\/pages\/13"}],"wp:attachment":[{"href":"https:\/\/re-crea3d.com\/index.php\/wp-json\/wp\/v2\/media?parent=857"}],"curies":[{"name":"wp","href":"https:\/\/api.w.org\/{rel}","templated":true}]}}