{"id":2,"date":"2024-01-08T08:52:42","date_gmt":"2024-01-08T08:52:42","guid":{"rendered":"http:\/\/re-crea3d.com\/?page_id=2"},"modified":"2024-05-13T11:16:20","modified_gmt":"2024-05-13T11:16:20","slug":"inicio","status":"publish","type":"page","link":"https:\/\/re-crea3d.com\/","title":{"rendered":"Inicio"},"content":{"rendered":"\t\t<div data-elementor-type=\"wp-page\" data-elementor-id=\"2\" class=\"elementor elementor-2\" data-elementor-post-type=\"page\">\n\t\t\t\t<div class=\"elementor-element elementor-element-3065753 e-flex e-con-boxed e-con e-parent\" data-id=\"3065753\" data-element_type=\"container\" data-e-type=\"container\" data-settings=\"{&quot;background_background&quot;:&quot;classic&quot;}\">\n\t\t\t\t\t<div class=\"e-con-inner\">\n\t\t\t\t<div class=\"elementor-element elementor-element-03eac24 elementor-widget elementor-widget-text-editor\" data-id=\"03eac24\" data-element_type=\"widget\" data-e-type=\"widget\" data-widget_type=\"text-editor.default\">\n\t\t\t\t<div class=\"elementor-widget-container\">\n\t\t\t\t\t\t\t\t\t<p>Estudio de visualizaci\u00f3n 3D<\/p>\t\t\t\t\t\t\t\t<\/div>\n\t\t\t\t<\/div>\n\t\t\t\t<div class=\"elementor-element elementor-element-612cae3 elementor-widget elementor-widget-text-editor\" data-id=\"612cae3\" data-element_type=\"widget\" data-e-type=\"widget\" data-widget_type=\"text-editor.default\">\n\t\t\t\t<div class=\"elementor-widget-container\">\n\t\t\t\t\t\t\t\t\t<p>Infograf\u00edas para proyectos de interiorismo y decoraci\u00f3n.&nbsp;&nbsp;<\/p>\t\t\t\t\t\t\t\t<\/div>\n\t\t\t\t<\/div>\n\t\t<div class=\"elementor-element elementor-element-876c2c1 e-flex e-con-boxed e-con e-child\" data-id=\"876c2c1\" data-element_type=\"container\" data-e-type=\"container\">\n\t\t\t\t\t<div class=\"e-con-inner\">\n\t\t\t\t<div class=\"elementor-element elementor-element-8c292d6 elementor-widget elementor-widget-image\" data-id=\"8c292d6\" data-element_type=\"widget\" data-e-type=\"widget\" data-widget_type=\"image.default\">\n\t\t\t\t<div class=\"elementor-widget-container\">\n\t\t\t\t\t\t\t\t\t\t\t\t<figure class=\"wp-caption\">\n\t\t\t\t\t\t\t\t\t\t\t<a href=\"https:\/\/re-crea3d.com\/index.php\/proyectos\/cambio-integral\/\">\n\t\t\t\t\t\t\t<img fetchpriority=\"high\" decoding=\"async\" width=\"1611\" height=\"1080\" src=\"https:\/\/re-crea3d.com\/wp-content\/uploads\/2024\/05\/Portada-inicio-02.png\" class=\"attachment-full size-full wp-image-1155\" alt=\"\" srcset=\"https:\/\/re-crea3d.com\/wp-content\/uploads\/2024\/05\/Portada-inicio-02.png 1611w, https:\/\/re-crea3d.com\/wp-content\/uploads\/2024\/05\/Portada-inicio-02-300x201.png 300w, https:\/\/re-crea3d.com\/wp-content\/uploads\/2024\/05\/Portada-inicio-02-1024x686.png 1024w, https:\/\/re-crea3d.com\/wp-content\/uploads\/2024\/05\/Portada-inicio-02-768x515.png 768w, https:\/\/re-crea3d.com\/wp-content\/uploads\/2024\/05\/Portada-inicio-02-1536x1030.png 1536w\" sizes=\"(max-width: 1611px) 100vw, 1611px\" \/>\t\t\t\t\t\t\t\t<\/a>\n\t\t\t\t\t\t\t\t\t\t\t<figcaption class=\"widget-image-caption wp-caption-text\">CAMBIO INTEGRAL<\/figcaption>\n\t\t\t\t\t\t\t\t\t\t<\/figure>\n\t\t\t\t\t\t\t\t\t<\/div>\n\t\t\t\t<\/div>\n\t\t\t\t<div class=\"elementor-element elementor-element-dd593d7 elementor-widget elementor-widget-image\" data-id=\"dd593d7\" data-element_type=\"widget\" data-e-type=\"widget\" data-widget_type=\"image.default\">\n\t\t\t\t<div class=\"elementor-widget-container\">\n\t\t\t\t\t\t\t\t\t\t\t\t<figure class=\"wp-caption\">\n\t\t\t\t\t\t\t\t\t\t\t<a href=\"https:\/\/re-crea3d.com\/index.php\/proyectos\/salon-con-vistas\/\">\n\t\t\t\t\t\t\t<img decoding=\"async\" width=\"1611\" height=\"1080\" src=\"https:\/\/re-crea3d.com\/wp-content\/uploads\/2024\/05\/Portada-inicio-1.png\" class=\"attachment-full size-full wp-image-1165\" alt=\"\" srcset=\"https:\/\/re-crea3d.com\/wp-content\/uploads\/2024\/05\/Portada-inicio-1.png 1611w, https:\/\/re-crea3d.com\/wp-content\/uploads\/2024\/05\/Portada-inicio-1-300x201.png 300w, https:\/\/re-crea3d.com\/wp-content\/uploads\/2024\/05\/Portada-inicio-1-1024x686.png 1024w, https:\/\/re-crea3d.com\/wp-content\/uploads\/2024\/05\/Portada-inicio-1-768x515.png 768w, https:\/\/re-crea3d.com\/wp-content\/uploads\/2024\/05\/Portada-inicio-1-1536x1030.png 1536w\" sizes=\"(max-width: 1611px) 100vw, 1611px\" \/>\t\t\t\t\t\t\t\t<\/a>\n\t\t\t\t\t\t\t\t\t\t\t<figcaption class=\"widget-image-caption wp-caption-text\">Sal\u00f3n con vistas <\/figcaption>\n\t\t\t\t\t\t\t\t\t\t<\/figure>\n\t\t\t\t\t\t\t\t\t<\/div>\n\t\t\t\t<\/div>\n\t\t\t\t\t<\/div>\n\t\t\t\t<\/div>\n\t\t\t\t<div class=\"elementor-element elementor-element-3dcddfd elementor-widget__width-initial elementor-widget elementor-widget-text-editor\" data-id=\"3dcddfd\" data-element_type=\"widget\" data-e-type=\"widget\" data-widget_type=\"text-editor.default\">\n\t\t\t\t<div class=\"elementor-widget-container\">\n\t\t\t\t\t\t\t\t\t<h3><i>\u00abAntes de realizar cualquier cambio en tu casa, oficina o local te ayudo recreando con infograf\u00edas ese espacio.\u00bb<\/i><\/h3>\t\t\t\t\t\t\t\t<\/div>\n\t\t\t\t<\/div>\n\t\t\t\t\t<\/div>\n\t\t\t\t<\/div>\n\t\t<div class=\"elementor-element elementor-element-ef8f145 e-flex e-con-boxed e-con e-parent\" data-id=\"ef8f145\" data-element_type=\"container\" data-e-type=\"container\" data-settings=\"{&quot;background_background&quot;:&quot;classic&quot;}\">\n\t\t\t\t\t<div class=\"e-con-inner\">\n\t\t<div class=\"elementor-element elementor-element-ce49409 e-con-full e-flex e-con e-child\" data-id=\"ce49409\" data-element_type=\"container\" data-e-type=\"container\">\n\t\t\t\t<div class=\"elementor-element elementor-element-9b21957 elementor-widget elementor-widget-heading\" data-id=\"9b21957\" data-element_type=\"widget\" data-e-type=\"widget\" data-widget_type=\"heading.default\">\n\t\t\t\t<div class=\"elementor-widget-container\">\n\t\t\t\t\t<h2 class=\"elementor-heading-title elementor-size-default\">Visualiza tus ideas<\/h2>\t\t\t\t<\/div>\n\t\t\t\t<\/div>\n\t\t\t\t<div class=\"elementor-element elementor-element-0cb69ab elementor-widget elementor-widget-text-editor\" data-id=\"0cb69ab\" data-element_type=\"widget\" data-e-type=\"widget\" data-widget_type=\"text-editor.default\">\n\t\t\t\t<div class=\"elementor-widget-container\">\n\t\t\t\t\t\t\t\t\t<p class=\"p1\">Cu\u00e9ntame tus necesidades y te har\u00e9 una propuesta de distribuci\u00f3n con planos y renders con los<span class=\"Apple-converted-space\">\u00a0 <\/span>que podr\u00e1s inspirarte para una futura reforma.<\/p>\t\t\t\t\t\t\t\t<\/div>\n\t\t\t\t<\/div>\n\t\t\t\t<div class=\"elementor-element elementor-element-b2c1e04 elementor-widget elementor-widget-button\" data-id=\"b2c1e04\" data-element_type=\"widget\" data-e-type=\"widget\" data-widget_type=\"button.default\">\n\t\t\t\t<div class=\"elementor-widget-container\">\n\t\t\t\t\t\t\t\t\t<div class=\"elementor-button-wrapper\">\n\t\t\t\t\t<a class=\"elementor-button elementor-button-link elementor-size-sm\" href=\"https:\/\/re-crea3d.com\/index.php\/contacto\/\">\n\t\t\t\t\t\t<span class=\"elementor-button-content-wrapper\">\n\t\t\t\t\t\t\t\t\t<span class=\"elementor-button-text\">contacta<\/span>\n\t\t\t\t\t<\/span>\n\t\t\t\t\t<\/a>\n\t\t\t\t<\/div>\n\t\t\t\t\t\t\t\t<\/div>\n\t\t\t\t<\/div>\n\t\t\t\t<\/div>\n\t\t\t\t\t<\/div>\n\t\t\t\t<\/div>\n\t\t\t\t<\/div>\n\t\t","protected":false},"excerpt":{"rendered":"<p>Estudio de visualizaci\u00f3n 3D Infograf\u00edas para proyectos de interiorismo y decoraci\u00f3n.&nbsp;&nbsp; CAMBIO INTEGRAL Sal\u00f3n con vistas \u00abAntes de realizar cualquier cambio en tu casa, oficina o local te ayudo recreando con infograf\u00edas ese espacio.\u00bb Visualiza tus ideas Cu\u00e9ntame tus necesidades y te har\u00e9 una propuesta de distribuci\u00f3n con planos y renders con los\u00a0 que podr\u00e1s [&hellip;]<\/p>\n","protected":false},"author":1,"featured_media":0,"parent":0,"menu_order":0,"comment_status":"closed","ping_status":"closed","template":"","meta":{"footnotes":""},"class_list":["post-2","page","type-page","status-publish","hentry"],"_links":{"self":[{"href":"https:\/\/re-crea3d.com\/index.php\/wp-json\/wp\/v2\/pages\/2","targetHints":{"allow":["GET"]}}],"collection":[{"href":"https:\/\/re-crea3d.com\/index.php\/wp-json\/wp\/v2\/pages"}],"about":[{"href":"https:\/\/re-crea3d.com\/index.php\/wp-json\/wp\/v2\/types\/page"}],"author":[{"embeddable":true,"href":"https:\/\/re-crea3d.com\/index.php\/wp-json\/wp\/v2\/users\/1"}],"replies":[{"embeddable":true,"href":"https:\/\/re-crea3d.com\/index.php\/wp-json\/wp\/v2\/comments?post=2"}],"version-history":[{"count":184,"href":"https:\/\/re-crea3d.com\/index.php\/wp-json\/wp\/v2\/pages\/2\/revisions"}],"predecessor-version":[{"id":1302,"href":"https:\/\/re-crea3d.com\/index.php\/wp-json\/wp\/v2\/pages\/2\/revisions\/1302"}],"wp:attachment":[{"href":"https:\/\/re-crea3d.com\/index.php\/wp-json\/wp\/v2\/media?parent=2"}],"curies":[{"name":"wp","href":"https:\/\/api.w.org\/{rel}","templated":true}]}}