{"id":15,"date":"2024-01-11T21:48:01","date_gmt":"2024-01-11T21:48:01","guid":{"rendered":"https:\/\/re-crea3d.com\/?page_id=15"},"modified":"2024-05-08T13:50:42","modified_gmt":"2024-05-08T13:50:42","slug":"sobre-mi","status":"publish","type":"page","link":"https:\/\/re-crea3d.com\/index.php\/sobre-mi\/","title":{"rendered":"Sobre mi"},"content":{"rendered":"\t\t<div data-elementor-type=\"wp-page\" data-elementor-id=\"15\" class=\"elementor elementor-15\" data-elementor-post-type=\"page\">\n\t\t\t\t<div class=\"elementor-element elementor-element-bc3d9c4 e-flex e-con-boxed e-con e-parent\" data-id=\"bc3d9c4\" data-element_type=\"container\" data-e-type=\"container\" data-settings=\"{&quot;background_background&quot;:&quot;classic&quot;}\">\n\t\t\t\t\t<div class=\"e-con-inner\">\n\t\t<div class=\"elementor-element elementor-element-3b92412 e-con-full e-flex e-con e-child\" data-id=\"3b92412\" data-element_type=\"container\" data-e-type=\"container\" data-settings=\"{&quot;background_background&quot;:&quot;classic&quot;}\">\n\t\t\t\t<div class=\"elementor-element elementor-element-b9c8ad6 elementor-widget elementor-widget-text-editor\" data-id=\"b9c8ad6\" data-element_type=\"widget\" data-e-type=\"widget\" data-widget_type=\"text-editor.default\">\n\t\t\t\t<div class=\"elementor-widget-container\">\n\t\t\t\t\t\t\t\t\t<p><span class=\"dif\">Hola!<\/span><\/p><p class=\"cvGsUA direction-ltr align-justify para-style-body\"><span class=\"OYPEnA text-decoration-none text-strikethrough-none\">Soy Izaskun Yanguas, mi pasi\u00f3n por el dise\u00f1o y las cosas bellas me han llevado a seguir este camino tan ilusionante para m\u00ed.<\/span><\/p><p class=\"cvGsUA direction-ltr align-justify para-style-body\"><span class=\"OYPEnA text-decoration-none text-strikethrough-none\">Despu\u00e9s de un periodo de formaci\u00f3n en la Escuela Madrile\u00f1a de Decoraci\u00f3n y varios cursos m\u00e1s en visualizaci\u00f3n 3D<\/span> <span class=\"OYPEnA text-decoration-none text-strikethrough-none\">he conseguido dedicarme a lo que que realmente me gusta y me motiva.<\/span><\/p><p class=\"cvGsUA direction-ltr align-justify para-style-body\"><span class=\"OYPEnA text-decoration-none text-strikethrough-none\">Re-Crea Interiorismo 3D es la consecuencia de este proceso que<\/span> <span class=\"OYPEnA text-decoration-none text-strikethrough-none\">me ha permitido re-conectar, re-iniciar y re-afirmar que todo lo que te propongas es posible. Estoy deseando poder re-crear tus ideas para descubrir como podr\u00eda ser ese lugar que te gustar\u00eda reformar. <\/span><\/p><p class=\"cvGsUA direction-ltr align-justify para-style-body\"><span class=\"OYPEnA text-decoration-none text-strikethrough-none\">\u00bfHablamos?<\/span><\/p>\t\t\t\t\t\t\t\t<\/div>\n\t\t\t\t<\/div>\n\t\t\t\t<\/div>\n\t\t<div class=\"elementor-element elementor-element-8a66021 e-con-full e-flex e-con e-child\" data-id=\"8a66021\" data-element_type=\"container\" data-e-type=\"container\">\n\t\t\t\t<div class=\"elementor-element elementor-element-31cc31c elementor-widget elementor-widget-image\" data-id=\"31cc31c\" data-element_type=\"widget\" data-e-type=\"widget\" data-widget_type=\"image.default\">\n\t\t\t\t<div class=\"elementor-widget-container\">\n\t\t\t\t\t\t\t\t\t\t\t\t\t\t\t<img fetchpriority=\"high\" decoding=\"async\" width=\"800\" height=\"600\" src=\"https:\/\/re-crea3d.com\/wp-content\/uploads\/2024\/05\/Foto-perfil.png\" class=\"attachment-large size-large wp-image-1130\" alt=\"\" srcset=\"https:\/\/re-crea3d.com\/wp-content\/uploads\/2024\/05\/Foto-perfil.png 1000w, https:\/\/re-crea3d.com\/wp-content\/uploads\/2024\/05\/Foto-perfil-300x225.png 300w, https:\/\/re-crea3d.com\/wp-content\/uploads\/2024\/05\/Foto-perfil-768x576.png 768w\" sizes=\"(max-width: 800px) 100vw, 800px\" \/>\t\t\t\t\t\t\t\t\t\t\t\t\t\t\t<\/div>\n\t\t\t\t<\/div>\n\t\t\t\t<\/div>\n\t\t\t\t\t<\/div>\n\t\t\t\t<\/div>\n\t\t<div class=\"elementor-element elementor-element-d05c3c5 e-flex e-con-boxed e-con e-parent\" data-id=\"d05c3c5\" data-element_type=\"container\" data-e-type=\"container\" data-settings=\"{&quot;background_background&quot;:&quot;classic&quot;}\">\n\t\t\t\t\t<div class=\"e-con-inner\">\n\t\t<div class=\"elementor-element elementor-element-12f93fe e-con-full e-flex e-con e-child\" data-id=\"12f93fe\" data-element_type=\"container\" data-e-type=\"container\">\n\t\t\t\t<div class=\"elementor-element elementor-element-f534906 elementor-widget elementor-widget-heading\" data-id=\"f534906\" data-element_type=\"widget\" data-e-type=\"widget\" data-widget_type=\"heading.default\">\n\t\t\t\t<div class=\"elementor-widget-container\">\n\t\t\t\t\t<h2 class=\"elementor-heading-title elementor-size-default\">Visualiza tus ideas<\/h2>\t\t\t\t<\/div>\n\t\t\t\t<\/div>\n\t\t\t\t<div class=\"elementor-element elementor-element-d616de6 elementor-widget elementor-widget-text-editor\" data-id=\"d616de6\" data-element_type=\"widget\" data-e-type=\"widget\" data-widget_type=\"text-editor.default\">\n\t\t\t\t<div class=\"elementor-widget-container\">\n\t\t\t\t\t\t\t\t\t<p class=\"p1\">Cu\u00e9ntame tus necesidades y te har\u00e9 una propuesta de distribuci\u00f3n con planos y renders con los<span class=\"Apple-converted-space\">\u00a0 <\/span>que podr\u00e1s inspirarte para una futura reforma.<\/p>\t\t\t\t\t\t\t\t<\/div>\n\t\t\t\t<\/div>\n\t\t\t\t<div class=\"elementor-element elementor-element-4df8ded elementor-widget elementor-widget-button\" data-id=\"4df8ded\" data-element_type=\"widget\" data-e-type=\"widget\" data-widget_type=\"button.default\">\n\t\t\t\t<div class=\"elementor-widget-container\">\n\t\t\t\t\t\t\t\t\t<div class=\"elementor-button-wrapper\">\n\t\t\t\t\t<a class=\"elementor-button elementor-button-link elementor-size-sm\" href=\"https:\/\/re-crea3d.com\/index.php\/contacto\/\">\n\t\t\t\t\t\t<span class=\"elementor-button-content-wrapper\">\n\t\t\t\t\t\t\t\t\t<span class=\"elementor-button-text\">contacta<\/span>\n\t\t\t\t\t<\/span>\n\t\t\t\t\t<\/a>\n\t\t\t\t<\/div>\n\t\t\t\t\t\t\t\t<\/div>\n\t\t\t\t<\/div>\n\t\t\t\t<\/div>\n\t\t\t\t\t<\/div>\n\t\t\t\t<\/div>\n\t\t\t\t<\/div>\n\t\t","protected":false},"excerpt":{"rendered":"<p>Hola! Soy Izaskun Yanguas, mi pasi\u00f3n por el dise\u00f1o y las cosas bellas me han llevado a seguir este camino tan ilusionante para m\u00ed. Despu\u00e9s de un periodo de formaci\u00f3n en la Escuela Madrile\u00f1a de Decoraci\u00f3n y varios cursos m\u00e1s en visualizaci\u00f3n 3D he conseguido dedicarme a lo que que realmente me gusta y me [&hellip;]<\/p>\n","protected":false},"author":2,"featured_media":0,"parent":0,"menu_order":0,"comment_status":"closed","ping_status":"closed","template":"","meta":{"footnotes":""},"class_list":["post-15","page","type-page","status-publish","hentry"],"_links":{"self":[{"href":"https:\/\/re-crea3d.com\/index.php\/wp-json\/wp\/v2\/pages\/15","targetHints":{"allow":["GET"]}}],"collection":[{"href":"https:\/\/re-crea3d.com\/index.php\/wp-json\/wp\/v2\/pages"}],"about":[{"href":"https:\/\/re-crea3d.com\/index.php\/wp-json\/wp\/v2\/types\/page"}],"author":[{"embeddable":true,"href":"https:\/\/re-crea3d.com\/index.php\/wp-json\/wp\/v2\/users\/2"}],"replies":[{"embeddable":true,"href":"https:\/\/re-crea3d.com\/index.php\/wp-json\/wp\/v2\/comments?post=15"}],"version-history":[{"count":61,"href":"https:\/\/re-crea3d.com\/index.php\/wp-json\/wp\/v2\/pages\/15\/revisions"}],"predecessor-version":[{"id":1260,"href":"https:\/\/re-crea3d.com\/index.php\/wp-json\/wp\/v2\/pages\/15\/revisions\/1260"}],"wp:attachment":[{"href":"https:\/\/re-crea3d.com\/index.php\/wp-json\/wp\/v2\/media?parent=15"}],"curies":[{"name":"wp","href":"https:\/\/api.w.org\/{rel}","templated":true}]}}