{"id":11,"date":"2024-01-11T21:47:21","date_gmt":"2024-01-11T21:47:21","guid":{"rendered":"https:\/\/re-crea3d.com\/?page_id=11"},"modified":"2024-05-08T13:39:51","modified_gmt":"2024-05-08T13:39:51","slug":"servicios","status":"publish","type":"page","link":"https:\/\/re-crea3d.com\/index.php\/servicios\/","title":{"rendered":"Servicios"},"content":{"rendered":"\t\t<div data-elementor-type=\"wp-page\" data-elementor-id=\"11\" class=\"elementor elementor-11\" data-elementor-post-type=\"page\">\n\t\t\t\t<div class=\"elementor-element elementor-element-d7d27c3 e-flex e-con-boxed e-con e-parent\" data-id=\"d7d27c3\" data-element_type=\"container\" data-e-type=\"container\" data-settings=\"{&quot;background_background&quot;:&quot;classic&quot;}\">\n\t\t\t\t\t<div class=\"e-con-inner\">\n\t\t<div class=\"elementor-element elementor-element-4e4a719 e-con-full e-flex e-con e-child\" data-id=\"4e4a719\" data-element_type=\"container\" data-e-type=\"container\">\n\t\t<div class=\"elementor-element elementor-element-998bdc8 e-flex e-con-boxed e-con e-child\" data-id=\"998bdc8\" data-element_type=\"container\" data-e-type=\"container\">\n\t\t\t\t\t<div class=\"e-con-inner\">\n\t\t\t\t<div class=\"elementor-element elementor-element-fe31e91 elementor-widget__width-initial elementor-widget elementor-widget-image\" data-id=\"fe31e91\" data-element_type=\"widget\" data-e-type=\"widget\" data-widget_type=\"image.default\">\n\t\t\t\t<div class=\"elementor-widget-container\">\n\t\t\t\t\t\t\t\t\t\t\t\t\t\t\t<img fetchpriority=\"high\" decoding=\"async\" width=\"583\" height=\"583\" src=\"https:\/\/re-crea3d.com\/wp-content\/uploads\/2024\/04\/CUBO-OCRE-1-e1712934717226.png\" class=\"attachment-full size-full wp-image-598\" alt=\"\" srcset=\"https:\/\/re-crea3d.com\/wp-content\/uploads\/2024\/04\/CUBO-OCRE-1-e1712934717226.png 583w, https:\/\/re-crea3d.com\/wp-content\/uploads\/2024\/04\/CUBO-OCRE-1-e1712934717226-300x300.png 300w, https:\/\/re-crea3d.com\/wp-content\/uploads\/2024\/04\/CUBO-OCRE-1-e1712934717226-150x150.png 150w\" sizes=\"(max-width: 583px) 100vw, 583px\" \/>\t\t\t\t\t\t\t\t\t\t\t\t\t\t\t<\/div>\n\t\t\t\t<\/div>\n\t\t\t\t<div class=\"elementor-element elementor-element-cdf2eda elementor-widget__width-initial elementor-widget elementor-widget-icon-box\" data-id=\"cdf2eda\" data-element_type=\"widget\" data-e-type=\"widget\" data-widget_type=\"icon-box.default\">\n\t\t\t\t<div class=\"elementor-widget-container\">\n\t\t\t\t\t\t\t<div class=\"elementor-icon-box-wrapper\">\n\n\t\t\t\n\t\t\t\t\t\t<div class=\"elementor-icon-box-content\">\n\n\t\t\t\t\t\t\t\t\t<h3 class=\"elementor-icon-box-title\">\n\t\t\t\t\t\t<span  >\n\t\t\t\t\t\t\tPara <span class=\"dif\"><i>particulares<\/i><\/span> que buscan... \t\t\t\t\t\t<\/span>\n\t\t\t\t\t<\/h3>\n\t\t\t\t\n\t\t\t\t\n\t\t\t<\/div>\n\t\t\t\n\t\t<\/div>\n\t\t\t\t\t\t<\/div>\n\t\t\t\t<\/div>\n\t\t\t\t\t<\/div>\n\t\t\t\t<\/div>\n\t\t\t\t<div class=\"elementor-element elementor-element-e98f8b4 elementor-widget elementor-widget-text-editor\" data-id=\"e98f8b4\" data-element_type=\"widget\" data-e-type=\"widget\" data-widget_type=\"text-editor.default\">\n\t\t\t\t<div class=\"elementor-widget-container\">\n\t\t\t\t\t\t\t\t\t<ul>\n<li>Visualizar<strong> sus ideas <\/strong>con infograf\u00edas realistas antes de enfrentarse a una reforma integral o parcial.<\/li>\n<li><strong>Aclarar ideas<\/strong> para asegurarse de tomar decisiones correctas.<\/li>\n<li><strong>Inspiraci\u00f3n<\/strong> para darle una vuelta a una estancia concreta de su hogar.<\/li>\n<li><strong>Adquirir una vivienda<\/strong> que necesita reforma pero con un plano en 2D no ve cu\u00e1les son sus posibilidades.<\/li>\n<\/ul>\t\t\t\t\t\t\t\t<\/div>\n\t\t\t\t<\/div>\n\t\t\t\t<div class=\"elementor-element elementor-element-f668d4a elementor-widget__width-initial elementor-widget elementor-widget-text-editor\" data-id=\"f668d4a\" data-element_type=\"widget\" data-e-type=\"widget\" data-widget_type=\"text-editor.default\">\n\t\t\t\t<div class=\"elementor-widget-container\">\n\t\t\t\t\t\t\t\t\t<p class=\"p1\"><i>\u00abPuedo ayudarte a visualizar aquello que imaginas con infograf\u00edas 3D\u00bb<\/i><\/p>\t\t\t\t\t\t\t\t<\/div>\n\t\t\t\t<\/div>\n\t\t\t\t<\/div>\n\t\t<div class=\"elementor-element elementor-element-1caa591 e-con-full e-flex e-con e-child\" data-id=\"1caa591\" data-element_type=\"container\" data-e-type=\"container\">\n\t\t\t\t<div class=\"elementor-element elementor-element-a75a48c elementor-widget elementor-widget-image\" data-id=\"a75a48c\" data-element_type=\"widget\" data-e-type=\"widget\" data-widget_type=\"image.default\">\n\t\t\t\t<div class=\"elementor-widget-container\">\n\t\t\t\t\t\t\t\t\t\t\t\t\t\t\t<img decoding=\"async\" width=\"675\" height=\"1024\" src=\"https:\/\/re-crea3d.com\/wp-content\/uploads\/2024\/04\/particulares2-675x1024.jpg\" class=\"attachment-large size-large wp-image-750\" alt=\"\" srcset=\"https:\/\/re-crea3d.com\/wp-content\/uploads\/2024\/04\/particulares2-675x1024.jpg 675w, https:\/\/re-crea3d.com\/wp-content\/uploads\/2024\/04\/particulares2-198x300.jpg 198w, https:\/\/re-crea3d.com\/wp-content\/uploads\/2024\/04\/particulares2-768x1165.jpg 768w, https:\/\/re-crea3d.com\/wp-content\/uploads\/2024\/04\/particulares2.jpg 906w\" sizes=\"(max-width: 675px) 100vw, 675px\" \/>\t\t\t\t\t\t\t\t\t\t\t\t\t\t\t<\/div>\n\t\t\t\t<\/div>\n\t\t\t\t<\/div>\n\t\t\t\t\t<\/div>\n\t\t\t\t<\/div>\n\t\t<div class=\"elementor-element elementor-element-72ac572 e-flex e-con-boxed e-con e-parent\" data-id=\"72ac572\" data-element_type=\"container\" data-e-type=\"container\" data-settings=\"{&quot;background_background&quot;:&quot;classic&quot;}\">\n\t\t\t\t\t<div class=\"e-con-inner\">\n\t\t<div class=\"elementor-element elementor-element-cb4025c e-con-full e-flex e-con e-child\" data-id=\"cb4025c\" data-element_type=\"container\" data-e-type=\"container\">\n\t\t<div class=\"elementor-element elementor-element-8e659d0 e-con-full e-flex e-con e-child\" data-id=\"8e659d0\" data-element_type=\"container\" data-e-type=\"container\">\n\t\t\t\t<div class=\"elementor-element elementor-element-a494550 elementor-widget__width-initial elementor-widget elementor-widget-image\" data-id=\"a494550\" data-element_type=\"widget\" data-e-type=\"widget\" data-widget_type=\"image.default\">\n\t\t\t\t<div class=\"elementor-widget-container\">\n\t\t\t\t\t\t\t\t\t\t\t\t\t\t\t<img decoding=\"async\" width=\"583\" height=\"583\" src=\"https:\/\/re-crea3d.com\/wp-content\/uploads\/2024\/04\/CUBO-GRIS-AZULADO-e1712934906668.png\" class=\"attachment-full size-full wp-image-596\" alt=\"\" srcset=\"https:\/\/re-crea3d.com\/wp-content\/uploads\/2024\/04\/CUBO-GRIS-AZULADO-e1712934906668.png 583w, https:\/\/re-crea3d.com\/wp-content\/uploads\/2024\/04\/CUBO-GRIS-AZULADO-e1712934906668-300x300.png 300w, https:\/\/re-crea3d.com\/wp-content\/uploads\/2024\/04\/CUBO-GRIS-AZULADO-e1712934906668-150x150.png 150w\" sizes=\"(max-width: 583px) 100vw, 583px\" \/>\t\t\t\t\t\t\t\t\t\t\t\t\t\t\t<\/div>\n\t\t\t\t<\/div>\n\t\t\t\t<div class=\"elementor-element elementor-element-881a376 elementor-widget elementor-widget-icon-box\" data-id=\"881a376\" data-element_type=\"widget\" data-e-type=\"widget\" data-widget_type=\"icon-box.default\">\n\t\t\t\t<div class=\"elementor-widget-container\">\n\t\t\t\t\t\t\t<div class=\"elementor-icon-box-wrapper\">\n\n\t\t\t\n\t\t\t\t\t\t<div class=\"elementor-icon-box-content\">\n\n\t\t\t\t\t\t\t\t\t<h3 class=\"elementor-icon-box-title\">\n\t\t\t\t\t\t<span  >\n\t\t\t\t\t\t\tPara <span class=\"dif\"><i>interioristas y decoradores<\/i><\/span> que necesitan...\t\t\t\t\t\t<\/span>\n\t\t\t\t\t<\/h3>\n\t\t\t\t\n\t\t\t\t\n\t\t\t<\/div>\n\t\t\t\n\t\t<\/div>\n\t\t\t\t\t\t<\/div>\n\t\t\t\t<\/div>\n\t\t\t\t<\/div>\n\t\t\t\t<div class=\"elementor-element elementor-element-3e2c5a8 elementor-widget elementor-widget-text-editor\" data-id=\"3e2c5a8\" data-element_type=\"widget\" data-e-type=\"widget\" data-widget_type=\"text-editor.default\">\n\t\t\t\t<div class=\"elementor-widget-container\">\n\t\t\t\t\t\t\t\t\t<ul><li><strong>Aportar un valor a\u00f1adido<\/strong> a sus proyectos con im\u00e1genes en 3D pero por distintos motivos no pueden hacerlo ellos mismos.<span class=\"Apple-converted-space\">\u00a0 \u00a0<\/span><\/li><li><strong>Vender de forma m\u00e1s visual<\/strong> sus ideas con Infograf\u00edas.<\/li><\/ul>\t\t\t\t\t\t\t\t<\/div>\n\t\t\t\t<\/div>\n\t\t\t\t<div class=\"elementor-element elementor-element-a55f6f9 elementor-widget__width-initial elementor-widget elementor-widget-text-editor\" data-id=\"a55f6f9\" data-element_type=\"widget\" data-e-type=\"widget\" data-widget_type=\"text-editor.default\">\n\t\t\t\t<div class=\"elementor-widget-container\">\n\t\t\t\t\t\t\t\t\t<p class=\"p1\"><i>\u00abS\u00ed lo necesitas puedo colaborar\u00a0 en tus proyectos haciendo las infograf\u00edas con las que tus clientes visualizar\u00e1n de forma clara todas las propuestas para su reforma.\u00bb\u00a0<\/i><\/p>\t\t\t\t\t\t\t\t<\/div>\n\t\t\t\t<\/div>\n\t\t\t\t<\/div>\n\t\t<div class=\"elementor-element elementor-element-1c9185e e-con-full e-flex e-con e-child\" data-id=\"1c9185e\" data-element_type=\"container\" data-e-type=\"container\">\n\t\t\t\t<div class=\"elementor-element elementor-element-8906260 elementor-widget elementor-widget-image\" data-id=\"8906260\" data-element_type=\"widget\" data-e-type=\"widget\" data-widget_type=\"image.default\">\n\t\t\t\t<div class=\"elementor-widget-container\">\n\t\t\t\t\t\t\t\t\t\t\t\t\t\t\t<img loading=\"lazy\" decoding=\"async\" width=\"695\" height=\"1024\" src=\"https:\/\/re-crea3d.com\/wp-content\/uploads\/2024\/04\/interioristas2-695x1024.jpg\" class=\"attachment-large size-large wp-image-749\" alt=\"\" srcset=\"https:\/\/re-crea3d.com\/wp-content\/uploads\/2024\/04\/interioristas2-695x1024.jpg 695w, https:\/\/re-crea3d.com\/wp-content\/uploads\/2024\/04\/interioristas2-203x300.jpg 203w, https:\/\/re-crea3d.com\/wp-content\/uploads\/2024\/04\/interioristas2-768x1132.jpg 768w, https:\/\/re-crea3d.com\/wp-content\/uploads\/2024\/04\/interioristas2.jpg 970w\" sizes=\"(max-width: 695px) 100vw, 695px\" \/>\t\t\t\t\t\t\t\t\t\t\t\t\t\t\t<\/div>\n\t\t\t\t<\/div>\n\t\t\t\t<\/div>\n\t\t\t\t\t<\/div>\n\t\t\t\t<\/div>\n\t\t<div class=\"elementor-element elementor-element-5c22f49 e-flex e-con-boxed e-con e-parent\" data-id=\"5c22f49\" data-element_type=\"container\" data-e-type=\"container\" data-settings=\"{&quot;background_background&quot;:&quot;classic&quot;}\">\n\t\t\t\t\t<div class=\"e-con-inner\">\n\t\t<div class=\"elementor-element elementor-element-2a15e7b e-con-full e-flex e-con e-child\" data-id=\"2a15e7b\" data-element_type=\"container\" data-e-type=\"container\">\n\t\t<div class=\"elementor-element elementor-element-fb085eb e-flex e-con-boxed e-con e-child\" data-id=\"fb085eb\" data-element_type=\"container\" data-e-type=\"container\">\n\t\t\t\t\t<div class=\"e-con-inner\">\n\t\t\t\t<div class=\"elementor-element elementor-element-fe1af39 elementor-widget__width-initial elementor-widget elementor-widget-image\" data-id=\"fe1af39\" data-element_type=\"widget\" data-e-type=\"widget\" data-widget_type=\"image.default\">\n\t\t\t\t<div class=\"elementor-widget-container\">\n\t\t\t\t\t\t\t\t\t\t\t\t\t\t\t<img loading=\"lazy\" decoding=\"async\" width=\"583\" height=\"583\" src=\"https:\/\/re-crea3d.com\/wp-content\/uploads\/2024\/04\/CUBO-NEUTRO-OSCURO-e1712934981123.png\" class=\"attachment-full size-full wp-image-597\" alt=\"\" srcset=\"https:\/\/re-crea3d.com\/wp-content\/uploads\/2024\/04\/CUBO-NEUTRO-OSCURO-e1712934981123.png 583w, https:\/\/re-crea3d.com\/wp-content\/uploads\/2024\/04\/CUBO-NEUTRO-OSCURO-e1712934981123-300x300.png 300w, https:\/\/re-crea3d.com\/wp-content\/uploads\/2024\/04\/CUBO-NEUTRO-OSCURO-e1712934981123-150x150.png 150w\" sizes=\"(max-width: 583px) 100vw, 583px\" \/>\t\t\t\t\t\t\t\t\t\t\t\t\t\t\t<\/div>\n\t\t\t\t<\/div>\n\t\t\t\t<div class=\"elementor-element elementor-element-7898d22 elementor-widget elementor-widget-icon-box\" data-id=\"7898d22\" data-element_type=\"widget\" data-e-type=\"widget\" data-widget_type=\"icon-box.default\">\n\t\t\t\t<div class=\"elementor-widget-container\">\n\t\t\t\t\t\t\t<div class=\"elementor-icon-box-wrapper\">\n\n\t\t\t\n\t\t\t\t\t\t<div class=\"elementor-icon-box-content\">\n\n\t\t\t\t\t\t\t\t\t<h3 class=\"elementor-icon-box-title\">\n\t\t\t\t\t\t<span  >\n\t\t\t\t\t\t\tPara <span class=\"dif\"><i>inmobiliarias y promotoras<\/i><\/span> que buscan diferenciarse... \t\t\t\t\t\t<\/span>\n\t\t\t\t\t<\/h3>\n\t\t\t\t\n\t\t\t\t\n\t\t\t<\/div>\n\t\t\t\n\t\t<\/div>\n\t\t\t\t\t\t<\/div>\n\t\t\t\t<\/div>\n\t\t\t\t\t<\/div>\n\t\t\t\t<\/div>\n\t\t\t\t<div class=\"elementor-element elementor-element-dc65efd elementor-widget elementor-widget-text-editor\" data-id=\"dc65efd\" data-element_type=\"widget\" data-e-type=\"widget\" data-widget_type=\"text-editor.default\">\n\t\t\t\t<div class=\"elementor-widget-container\">\n\t\t\t\t\t\t\t\t\t<ul><li><strong>Ampliando las posibilidades<\/strong> de venta de un inmueble que necesita una renovaci\u00f3n creando infograf\u00edas con una propuesta de reforma.\u00a0<\/li><li><strong>Ofreciendo<\/strong> por ejemplo opciones de distribuci\u00f3n en promociones de obra nueva con im\u00e1genes en 3D.\u00a0<\/li><\/ul>\t\t\t\t\t\t\t\t<\/div>\n\t\t\t\t<\/div>\n\t\t\t\t<div class=\"elementor-element elementor-element-f6bd6f8 elementor-widget__width-initial elementor-widget elementor-widget-text-editor\" data-id=\"f6bd6f8\" data-element_type=\"widget\" data-e-type=\"widget\" data-widget_type=\"text-editor.default\">\n\t\t\t\t<div class=\"elementor-widget-container\">\n\t\t\t\t\t\t\t\t\t<p class=\"p1\"><i>\u00abHaz que tus clientes se sientan seguros con la compra de su\u00a0 vivienda tanto nueva como de segunda mano. Muestrales con infograf\u00edas opciones de\u00a0 distribuci\u00f3n, materiales e iluminaci\u00f3n y as\u00ed aumentar las posibilidades de venta de ese inmueble<\/i>.\u00bb<\/p>\t\t\t\t\t\t\t\t<\/div>\n\t\t\t\t<\/div>\n\t\t\t\t<\/div>\n\t\t<div class=\"elementor-element elementor-element-615c2e1 e-con-full e-flex e-con e-child\" data-id=\"615c2e1\" data-element_type=\"container\" data-e-type=\"container\">\n\t\t\t\t<div class=\"elementor-element elementor-element-89a0290 elementor-widget elementor-widget-image\" data-id=\"89a0290\" data-element_type=\"widget\" data-e-type=\"widget\" data-widget_type=\"image.default\">\n\t\t\t\t<div class=\"elementor-widget-container\">\n\t\t\t\t\t\t\t\t\t\t\t\t\t\t\t<img loading=\"lazy\" decoding=\"async\" width=\"636\" height=\"1000\" src=\"https:\/\/re-crea3d.com\/wp-content\/uploads\/2024\/04\/inmobiliaria2.jpg\" class=\"attachment-large size-large wp-image-752\" alt=\"\" srcset=\"https:\/\/re-crea3d.com\/wp-content\/uploads\/2024\/04\/inmobiliaria2.jpg 636w, https:\/\/re-crea3d.com\/wp-content\/uploads\/2024\/04\/inmobiliaria2-191x300.jpg 191w\" sizes=\"(max-width: 636px) 100vw, 636px\" \/>\t\t\t\t\t\t\t\t\t\t\t\t\t\t\t<\/div>\n\t\t\t\t<\/div>\n\t\t\t\t<\/div>\n\t\t\t\t\t<\/div>\n\t\t\t\t<\/div>\n\t\t<div class=\"elementor-element elementor-element-fe9d7ea e-flex e-con-boxed e-con e-parent\" data-id=\"fe9d7ea\" data-element_type=\"container\" data-e-type=\"container\" data-settings=\"{&quot;background_background&quot;:&quot;classic&quot;}\">\n\t\t\t\t\t<div class=\"e-con-inner\">\n\t\t<div class=\"elementor-element elementor-element-13859d5 e-con-full e-flex e-con e-child\" data-id=\"13859d5\" data-element_type=\"container\" data-e-type=\"container\">\n\t\t\t\t<div class=\"elementor-element elementor-element-aff5de8 elementor-widget elementor-widget-heading\" data-id=\"aff5de8\" data-element_type=\"widget\" data-e-type=\"widget\" data-widget_type=\"heading.default\">\n\t\t\t\t<div class=\"elementor-widget-container\">\n\t\t\t\t\t<h2 class=\"elementor-heading-title elementor-size-default\">Visualiza tus ideas<\/h2>\t\t\t\t<\/div>\n\t\t\t\t<\/div>\n\t\t\t\t<div class=\"elementor-element elementor-element-ca578ce elementor-widget elementor-widget-text-editor\" data-id=\"ca578ce\" data-element_type=\"widget\" data-e-type=\"widget\" data-widget_type=\"text-editor.default\">\n\t\t\t\t<div class=\"elementor-widget-container\">\n\t\t\t\t\t\t\t\t\t<p class=\"p1\">Cu\u00e9ntame tus necesidades y te har\u00e9 una propuesta de distribuci\u00f3n con planos y renders con los<span class=\"Apple-converted-space\">\u00a0 <\/span>que podr\u00e1s inspirarte para una futura reforma.<\/p>\t\t\t\t\t\t\t\t<\/div>\n\t\t\t\t<\/div>\n\t\t\t\t<div class=\"elementor-element elementor-element-c74de94 elementor-widget elementor-widget-button\" data-id=\"c74de94\" data-element_type=\"widget\" data-e-type=\"widget\" data-widget_type=\"button.default\">\n\t\t\t\t<div class=\"elementor-widget-container\">\n\t\t\t\t\t\t\t\t\t<div class=\"elementor-button-wrapper\">\n\t\t\t\t\t<a class=\"elementor-button elementor-button-link elementor-size-sm\" href=\"https:\/\/re-crea3d.com\/index.php\/contacto\/\">\n\t\t\t\t\t\t<span class=\"elementor-button-content-wrapper\">\n\t\t\t\t\t\t\t\t\t<span class=\"elementor-button-text\">contacta<\/span>\n\t\t\t\t\t<\/span>\n\t\t\t\t\t<\/a>\n\t\t\t\t<\/div>\n\t\t\t\t\t\t\t\t<\/div>\n\t\t\t\t<\/div>\n\t\t\t\t<\/div>\n\t\t<div class=\"elementor-element elementor-element-cc65838 e-con-full e-flex e-con e-child\" data-id=\"cc65838\" data-element_type=\"container\" data-e-type=\"container\">\n\t\t\t\t<\/div>\n\t\t\t\t\t<\/div>\n\t\t\t\t<\/div>\n\t\t\t\t<\/div>\n\t\t","protected":false},"excerpt":{"rendered":"<p>Para particulares que buscan&#8230; Visualizar sus ideas con infograf\u00edas realistas antes de enfrentarse a una reforma integral o parcial. Aclarar ideas para asegurarse de tomar decisiones correctas. Inspiraci\u00f3n para darle una vuelta a una estancia concreta de su hogar. Adquirir una vivienda que necesita reforma pero con un plano en 2D no ve cu\u00e1les son [&hellip;]<\/p>\n","protected":false},"author":2,"featured_media":0,"parent":0,"menu_order":0,"comment_status":"closed","ping_status":"closed","template":"","meta":{"footnotes":""},"class_list":["post-11","page","type-page","status-publish","hentry"],"_links":{"self":[{"href":"https:\/\/re-crea3d.com\/index.php\/wp-json\/wp\/v2\/pages\/11","targetHints":{"allow":["GET"]}}],"collection":[{"href":"https:\/\/re-crea3d.com\/index.php\/wp-json\/wp\/v2\/pages"}],"about":[{"href":"https:\/\/re-crea3d.com\/index.php\/wp-json\/wp\/v2\/types\/page"}],"author":[{"embeddable":true,"href":"https:\/\/re-crea3d.com\/index.php\/wp-json\/wp\/v2\/users\/2"}],"replies":[{"embeddable":true,"href":"https:\/\/re-crea3d.com\/index.php\/wp-json\/wp\/v2\/comments?post=11"}],"version-history":[{"count":139,"href":"https:\/\/re-crea3d.com\/index.php\/wp-json\/wp\/v2\/pages\/11\/revisions"}],"predecessor-version":[{"id":1242,"href":"https:\/\/re-crea3d.com\/index.php\/wp-json\/wp\/v2\/pages\/11\/revisions\/1242"}],"wp:attachment":[{"href":"https:\/\/re-crea3d.com\/index.php\/wp-json\/wp\/v2\/media?parent=11"}],"curies":[{"name":"wp","href":"https:\/\/api.w.org\/{rel}","templated":true}]}}